{"id":4422,"date":"2023-02-12T20:33:21","date_gmt":"2023-02-12T20:33:21","guid":{"rendered":"https:\/\/www.ceilingamericaintl.com\/bankalar-finansal-kuruluslar\/"},"modified":"2023-02-12T20:33:21","modified_gmt":"2023-02-12T20:33:21","slug":"bankalar-finansal-kuruluslar","status":"publish","type":"page","link":"https:\/\/www.ceilingamericaintl.com\/tr\/bankalar-finansal-kuruluslar\/","title":{"rendered":"Bankalar \/ Finansal Kurulu\u015flar"},"content":{"rendered":"\t\t<div data-elementor-type=\"wp-page\" data-elementor-id=\"4422\" class=\"elementor elementor-4422 elementor-929\">\n\t\t\t\t\t\t<div class=\"elementor-inner\">\n\t\t\t\t<div class=\"elementor-section-wrap\">\n\t\t\t\t\t\t\t\t\t<section class=\"elementor-section elementor-top-section elementor-element elementor-element-574b7cab elementor-section-height-min-height elementor-section-boxed elementor-section-height-default elementor-section-items-middle\" data-id=\"574b7cab\" data-element_type=\"section\" data-settings=\"{&quot;background_background&quot;:&quot;classic&quot;}\">\n\t\t\t\t\t\t<div class=\"elementor-container elementor-column-gap-default\">\n\t\t\t\t\t\t\t<div class=\"elementor-row\">\n\t\t\t\t\t<div class=\"elementor-column elementor-col-100 elementor-top-column elementor-element elementor-element-4a72a6be\" data-id=\"4a72a6be\" data-element_type=\"column\">\n\t\t\t<div class=\"elementor-column-wrap elementor-element-populated\">\n\t\t\t\t\t\t\t<div class=\"elementor-widget-wrap\">\n\t\t\t\t\t\t<div class=\"elementor-element elementor-element-6d926f59 elementor-widget elementor-widget-heading\" data-id=\"6d926f59\" data-element_type=\"widget\" data-widget_type=\"heading.default\">\n\t\t\t\t<div class=\"elementor-widget-container\">\n\t\t\t<h1 class=\"elementor-heading-title elementor-size-default\">Bankalar \/ Finansal Kurulu\u015flar<\/h1>\t\t<\/div>\n\t\t\t\t<\/div>\n\t\t\t\t\t\t<\/div>\n\t\t\t\t\t<\/div>\n\t\t<\/div>\n\t\t\t\t\t\t\t\t<\/div>\n\t\t\t\t\t<\/div>\n\t\t<\/section>\n\t\t\t\t<section class=\"elementor-section elementor-top-section elementor-element elementor-element-43ad42af elementor-section-boxed elementor-section-height-default elementor-section-height-default\" data-id=\"43ad42af\" data-element_type=\"section\">\n\t\t\t\t\t\t<div class=\"elementor-container elementor-column-gap-default\">\n\t\t\t\t\t\t\t<div class=\"elementor-row\">\n\t\t\t\t\t<div class=\"elementor-column elementor-col-50 elementor-top-column elementor-element elementor-element-250cb298\" data-id=\"250cb298\" data-element_type=\"column\">\n\t\t\t<div class=\"elementor-column-wrap elementor-element-populated\">\n\t\t\t\t\t\t\t<div class=\"elementor-widget-wrap\">\n\t\t\t\t\t\t<div class=\"elementor-element elementor-element-11302995 elementor-widget elementor-widget-heading\" data-id=\"11302995\" data-element_type=\"widget\" data-widget_type=\"heading.default\">\n\t\t\t\t<div class=\"elementor-widget-container\">\n\t\t\t<h4 class=\"elementor-heading-title elementor-size-default\">yapt\u0131\u011f\u0131m\u0131z i\u015fte iyiyiz<\/h4>\t\t<\/div>\n\t\t\t\t<\/div>\n\t\t\t\t<div class=\"elementor-element elementor-element-612ace3b elementor-widget elementor-widget-heading\" data-id=\"612ace3b\" data-element_type=\"widget\" data-widget_type=\"heading.default\">\n\t\t\t\t<div class=\"elementor-widget-container\">\n\t\t\t<h2 class=\"elementor-heading-title elementor-size-default\">CEILING AMERICA En G\u00fcvenilir Varl\u0131\u011f\u0131n\u0131z\u0131 Y\u00f6netmenize Yard\u0131mc\u0131 Olabilir<\/h2>\t\t<\/div>\n\t\t\t\t<\/div>\n\t\t\t\t\t\t<\/div>\n\t\t\t\t\t<\/div>\n\t\t<\/div>\n\t\t\t\t<div class=\"elementor-column elementor-col-50 elementor-top-column elementor-element elementor-element-592b5c94\" data-id=\"592b5c94\" data-element_type=\"column\">\n\t\t\t<div class=\"elementor-column-wrap elementor-element-populated\">\n\t\t\t\t\t\t\t<div class=\"elementor-widget-wrap\">\n\t\t\t\t\t\t<div class=\"elementor-element elementor-element-1a35d863 elementor-widget elementor-widget-text-editor\" data-id=\"1a35d863\" data-element_type=\"widget\" data-widget_type=\"text-editor.default\">\n\t\t\t\t<div class=\"elementor-widget-container\">\n\t\t\t\t\t\t\t\t<div class=\"elementor-text-editor elementor-clearfix\">\n\t\t\t\t<p><span class=\"color_14\">Bankac\u0131l\u0131k d\u00fcnyas\u0131 rekabet\u00e7i ve h\u0131zl\u0131 tempoludur ve m\u00fc\u015fteriler genellikle bir bankan\u0131n di\u011ferine g\u00f6re ger\u00e7ek faydalar\u0131n\u0131 g\u00f6rmek i\u00e7in m\u00fccadele eder. CEILING AMERICA&#8217;da bu ortam\u0131 ve profesyonel olarak s\u00fcrd\u00fcr\u00fclen bir bankac\u0131l\u0131k tesisi gibi k\u00fc\u00e7\u00fck \u015feylerin her zaman ne kadar \u00f6nemli oldu\u011funu anl\u0131yoruz. \u0130\u015fte CEILING AMERICA&#8217;n\u0131n bankac\u0131l\u0131k m\u00fc\u015fterilerine hizmet verme yollar\u0131ndan sadece birka\u00e7\u0131.<\/span><\/p>\n\t\t\t\t\t<\/div>\n\t\t\t\t\t\t<\/div>\n\t\t\t\t<\/div>\n\t\t\t\t\t\t<\/div>\n\t\t\t\t\t<\/div>\n\t\t<\/div>\n\t\t\t\t\t\t\t\t<\/div>\n\t\t\t\t\t<\/div>\n\t\t<\/section>\n\t\t\t\t<section class=\"elementor-section elementor-top-section elementor-element elementor-element-7d23dc0c elementor-section-boxed elementor-section-height-default elementor-section-height-default\" data-id=\"7d23dc0c\" data-element_type=\"section\">\n\t\t\t\t\t\t<div class=\"elementor-container elementor-column-gap-default\">\n\t\t\t\t\t\t\t<div class=\"elementor-row\">\n\t\t\t\t\t<div class=\"elementor-column elementor-col-100 elementor-top-column elementor-element elementor-element-2ea686d2\" data-id=\"2ea686d2\" data-element_type=\"column\">\n\t\t\t<div class=\"elementor-column-wrap elementor-element-populated\">\n\t\t\t\t\t\t\t<div class=\"elementor-widget-wrap\">\n\t\t\t\t\t\t<section class=\"elementor-section elementor-inner-section elementor-element elementor-element-b11bcd1 elementor-section-boxed elementor-section-height-default elementor-section-height-default\" data-id=\"b11bcd1\" data-element_type=\"section\">\n\t\t\t\t\t\t<div class=\"elementor-container elementor-column-gap-default\">\n\t\t\t\t\t\t\t<div class=\"elementor-row\">\n\t\t\t\t\t<div class=\"elementor-column elementor-col-50 elementor-inner-column elementor-element elementor-element-7b5a45b8\" data-id=\"7b5a45b8\" data-element_type=\"column\">\n\t\t\t<div class=\"elementor-column-wrap elementor-element-populated\">\n\t\t\t\t\t\t\t<div class=\"elementor-widget-wrap\">\n\t\t\t\t\t\t<div class=\"elementor-element elementor-element-50878669 elementor-cta--skin-cover elementor-cta--valign-middle elementor-widget elementor-widget-call-to-action\" data-id=\"50878669\" data-element_type=\"widget\" data-widget_type=\"call-to-action.default\">\n\t\t\t\t<div class=\"elementor-widget-container\">\n\t\t\t\t\t<a class=\"elementor-cta\" href=\"#\">\n\t\t\t\t\t<div class=\"elementor-cta__bg-wrapper\">\n\t\t\t\t<div class=\"elementor-cta__bg elementor-bg\" style=\"background-image: url();\"><\/div>\n\t\t\t\t<div class=\"elementor-cta__bg-overlay\"><\/div>\n\t\t\t<\/div>\n\t\t\t\t\t\t\t<div class=\"elementor-cta__content\">\n\t\t\t\t\n\t\t\t\t<h3 class=\"elementor-cta__title elementor-cta__content-item elementor-content-item\">Bu K\u00fc\u00e7\u00fck \u015eeyler<\/h3>\n\t\t\t\t\t\t\t\t\t<div class=\"elementor-cta__description elementor-cta__content-item elementor-content-item\">\n\t\t\t\t\t\t<p>T\u00fcm CEILING AMERICA\u00ae ekipleri tamamen sigortal\u0131 ve ba\u011fl\u0131. Ekstra g\u00fcvenlik i\u00e7in banka m\u00fclk\u00fcndeyken her zaman tam ileti\u015fim halinde kalmak \u00fczere e\u011fitilmi\u015flerdir.<\/p>\n\t\t\t\t\t<\/div>\n\t\t\t\t\n\t\t\t\t\t\t\t<\/div>\n\t\t\t\t\t\t<\/a>\n\t\t\t\t<\/div>\n\t\t\t\t<\/div>\n\t\t\t\t\t\t<\/div>\n\t\t\t\t\t<\/div>\n\t\t<\/div>\n\t\t\t\t<div class=\"elementor-column elementor-col-50 elementor-inner-column elementor-element elementor-element-44944093\" data-id=\"44944093\" data-element_type=\"column\">\n\t\t\t<div class=\"elementor-column-wrap elementor-element-populated\">\n\t\t\t\t\t\t\t<div class=\"elementor-widget-wrap\">\n\t\t\t\t\t\t<div class=\"elementor-element elementor-element-710b14a2 elementor-cta--skin-cover elementor-cta--valign-middle elementor-widget elementor-widget-call-to-action\" data-id=\"710b14a2\" data-element_type=\"widget\" data-widget_type=\"call-to-action.default\">\n\t\t\t\t<div class=\"elementor-widget-container\">\n\t\t\t\t\t<a class=\"elementor-cta\" href=\"#\">\n\t\t\t\t\t<div class=\"elementor-cta__bg-wrapper\">\n\t\t\t\t<div class=\"elementor-cta__bg elementor-bg\" style=\"background-image: url();\"><\/div>\n\t\t\t\t<div class=\"elementor-cta__bg-overlay\"><\/div>\n\t\t\t<\/div>\n\t\t\t\t\t\t\t<div class=\"elementor-cta__content\">\n\t\t\t\t\n\t\t\t\t<h3 class=\"elementor-cta__title elementor-cta__content-item elementor-content-item\">G\u00fcvenlik \u0130\u015f #1'dir<\/h3>\n\t\t\t\t\t\t\t\t\t<div class=\"elementor-cta__description elementor-cta__content-item elementor-content-item\">\n\t\t\t\t\t\t<p>CEILING AMERICA, t\u00fcm temizlik ekiplerini titiz ge\u00e7mi\u015f kontrolleri ile dikkatlice tarar. Her zaman \u00fcniformal\u0131 ve g\u00fcvenlik rozeti I \/ D ile kolayca tan\u0131mlanabilirler. Buna ek olarak, ekiplerimiz kendi g\u00fcvenlik \u00f6nlemlerinizi almak \u00fczere e\u011fitilmi\u015ftir.<\/p>\n\t\t\t\t\t<\/div>\n\t\t\t\t\n\t\t\t\t\t\t\t<\/div>\n\t\t\t\t\t\t<\/a>\n\t\t\t\t<\/div>\n\t\t\t\t<\/div>\n\t\t\t\t\t\t<\/div>\n\t\t\t\t\t<\/div>\n\t\t<\/div>\n\t\t\t\t\t\t\t\t<\/div>\n\t\t\t\t\t<\/div>\n\t\t<\/section>\n\t\t\t\t<section class=\"elementor-section elementor-inner-section elementor-element elementor-element-38da5dc1 elementor-section-boxed elementor-section-height-default elementor-section-height-default\" data-id=\"38da5dc1\" data-element_type=\"section\">\n\t\t\t\t\t\t<div class=\"elementor-container elementor-column-gap-default\">\n\t\t\t\t\t\t\t<div class=\"elementor-row\">\n\t\t\t\t\t<div class=\"elementor-column elementor-col-50 elementor-inner-column elementor-element elementor-element-566917b7\" data-id=\"566917b7\" data-element_type=\"column\">\n\t\t\t<div class=\"elementor-column-wrap elementor-element-populated\">\n\t\t\t\t\t\t\t<div class=\"elementor-widget-wrap\">\n\t\t\t\t\t\t<div class=\"elementor-element elementor-element-b279966 elementor-cta--skin-cover elementor-cta--valign-middle elementor-widget elementor-widget-call-to-action\" data-id=\"b279966\" data-element_type=\"widget\" data-widget_type=\"call-to-action.default\">\n\t\t\t\t<div class=\"elementor-widget-container\">\n\t\t\t\t\t<a class=\"elementor-cta\" href=\"#\">\n\t\t\t\t\t<div class=\"elementor-cta__bg-wrapper\">\n\t\t\t\t<div class=\"elementor-cta__bg elementor-bg\" style=\"background-image: url();\"><\/div>\n\t\t\t\t<div class=\"elementor-cta__bg-overlay\"><\/div>\n\t\t\t<\/div>\n\t\t\t\t\t\t\t<div class=\"elementor-cta__content\">\n\t\t\t\t\n\t\t\t\t<h3 class=\"elementor-cta__title elementor-cta__content-item elementor-content-item\">Tavan ve Duvar Y\u00fczeylerini Biliyoruz  <\/h3>\n\t\t\t\t\t\t\t\t\t<div class=\"elementor-cta__description elementor-cta__content-item elementor-content-item\">\n\t\t\t\t\t\t<p>\u0130ster vinilin s\u0131y\u0131r\u0131lmas\u0131 ve yenilenmesi, ister akustik veya al\u00e7\u0131 gibi \u00f6zel tavan ve duvar y\u00fczeylerinin korunmas\u0131 olsun, CEILING AMERICA, m\u00fc\u015fterilerinizin g\u00fcvenebilece\u011fi tavan ve duvar kaplamalar\u0131 sa\u011flamak i\u00e7in gerekli ara\u00e7lara ve e\u011fitime sahiptir.<\/p>\n\t\t\t\t\t<\/div>\n\t\t\t\t\n\t\t\t\t\t\t\t<\/div>\n\t\t\t\t\t\t<\/a>\n\t\t\t\t<\/div>\n\t\t\t\t<\/div>\n\t\t\t\t\t\t<\/div>\n\t\t\t\t\t<\/div>\n\t\t<\/div>\n\t\t\t\t<div class=\"elementor-column elementor-col-50 elementor-inner-column elementor-element elementor-element-5c8a3376\" data-id=\"5c8a3376\" data-element_type=\"column\">\n\t\t\t<div class=\"elementor-column-wrap elementor-element-populated\">\n\t\t\t\t\t\t\t<div class=\"elementor-widget-wrap\">\n\t\t\t\t\t\t<div class=\"elementor-element elementor-element-1db55ff4 elementor-cta--skin-cover elementor-cta--valign-middle elementor-widget elementor-widget-call-to-action\" data-id=\"1db55ff4\" data-element_type=\"widget\" data-widget_type=\"call-to-action.default\">\n\t\t\t\t<div class=\"elementor-widget-container\">\n\t\t\t\t\t<a class=\"elementor-cta\" href=\"#\">\n\t\t\t\t\t<div class=\"elementor-cta__bg-wrapper\">\n\t\t\t\t<div class=\"elementor-cta__bg elementor-bg\" style=\"background-image: url();\"><\/div>\n\t\t\t\t<div class=\"elementor-cta__bg-overlay\"><\/div>\n\t\t\t<\/div>\n\t\t\t\t\t\t\t<div class=\"elementor-cta__content\">\n\t\t\t\t\n\t\t\t\t<h3 class=\"elementor-cta__title elementor-cta__content-item elementor-content-item\">Daha Temiz ve Ye\u015fil \u00c7al\u0131\u015f\u0131yoruz<\/h3>\n\t\t\t\t\t\t\t\t\t<div class=\"elementor-cta__description elementor-cta__content-item elementor-content-item\">\n\t\t\t\t\t\t<p>Bankalar gibi y\u00fcksek trafikli, y\u00fcksek temas ortamlar\u0131nda, \u00e7evreye duyarl\u0131 \u00fcr\u00fcn ve ekipman kullanmak \u00f6nemlidir. CEILING AMERICA\u00ae s\u00fcre\u00e7leri OSHA gereksinimlerini a\u015f\u0131yor ve hastane mukavemetli dezenfektanlar\u0131m\u0131z d\u00fc\u015f\u00fck hacimli kullan\u0131mla geni\u015f bir bakteri spektrumunu \u00f6ld\u00fcr\u00fcyor.<\/p>\n\t\t\t\t\t<\/div>\n\t\t\t\t\n\t\t\t\t\t\t\t<\/div>\n\t\t\t\t\t\t<\/a>\n\t\t\t\t<\/div>\n\t\t\t\t<\/div>\n\t\t\t\t\t\t<\/div>\n\t\t\t\t\t<\/div>\n\t\t<\/div>\n\t\t\t\t\t\t\t\t<\/div>\n\t\t\t\t\t<\/div>\n\t\t<\/section>\n\t\t\t\t<section class=\"elementor-section elementor-inner-section elementor-element elementor-element-cdd88ac elementor-section-boxed elementor-section-height-default elementor-section-height-default\" data-id=\"cdd88ac\" data-element_type=\"section\">\n\t\t\t\t\t\t<div class=\"elementor-container elementor-column-gap-default\">\n\t\t\t\t\t\t\t<div class=\"elementor-row\">\n\t\t\t\t\t<div class=\"elementor-column elementor-col-50 elementor-inner-column elementor-element elementor-element-169c8dd\" data-id=\"169c8dd\" data-element_type=\"column\">\n\t\t\t<div class=\"elementor-column-wrap elementor-element-populated\">\n\t\t\t\t\t\t\t<div class=\"elementor-widget-wrap\">\n\t\t\t\t\t\t<div class=\"elementor-element elementor-element-71b3246 elementor-cta--skin-cover elementor-cta--valign-middle elementor-widget elementor-widget-call-to-action\" data-id=\"71b3246\" data-element_type=\"widget\" data-widget_type=\"call-to-action.default\">\n\t\t\t\t<div class=\"elementor-widget-container\">\n\t\t\t\t\t<a class=\"elementor-cta\" href=\"#\">\n\t\t\t\t\t<div class=\"elementor-cta__bg-wrapper\">\n\t\t\t\t<div class=\"elementor-cta__bg elementor-bg\" style=\"background-image: url();\"><\/div>\n\t\t\t\t<div class=\"elementor-cta__bg-overlay\"><\/div>\n\t\t\t<\/div>\n\t\t\t\t\t\t\t<div class=\"elementor-cta__content\">\n\t\t\t\t\n\t\t\t\t<h3 class=\"elementor-cta__title elementor-cta__content-item elementor-content-item\">Yat\u0131r\u0131m\u0131n\u0131zdan Garantili Bir Geri D\u00f6n\u00fc\u015f<\/h3>\n\t\t\t\t\t\t\t\t\t<div class=\"elementor-cta__description elementor-cta__content-item elementor-content-item\">\n\t\t\t\t\t\t<p>Pek \u00e7ok banka buna s\u00f6z veremez, ancak CEILING AMERICA'da yapabiliriz ve yapabiliriz. CEILING AMERICA, temizlik sistemi hizmetlerinden o kadar emindir ki, asl\u0131nda onlardan memnuniyetinizi garanti ediyoruz. CEILING AMERICA, bu garantiyi verecek g\u00fcvene sahip tek ticari temizlik \u015firketidir.<\/p>\n\t\t\t\t\t<\/div>\n\t\t\t\t\n\t\t\t\t\t\t\t<\/div>\n\t\t\t\t\t\t<\/a>\n\t\t\t\t<\/div>\n\t\t\t\t<\/div>\n\t\t\t\t\t\t<\/div>\n\t\t\t\t\t<\/div>\n\t\t<\/div>\n\t\t\t\t<div class=\"elementor-column elementor-col-50 elementor-inner-column elementor-element elementor-element-7143bf0\" data-id=\"7143bf0\" data-element_type=\"column\">\n\t\t\t<div class=\"elementor-column-wrap\">\n\t\t\t\t\t\t\t<div class=\"elementor-widget-wrap\">\n\t\t\t\t\t\t\t\t<\/div>\n\t\t\t\t\t<\/div>\n\t\t<\/div>\n\t\t\t\t\t\t\t\t<\/div>\n\t\t\t\t\t<\/div>\n\t\t<\/section>\n\t\t\t\t\t\t<\/div>\n\t\t\t\t\t<\/div>\n\t\t<\/div>\n\t\t\t\t\t\t\t\t<\/div>\n\t\t\t\t\t<\/div>\n\t\t<\/section>\n\t\t\t\t\t\t\t\t\t<\/div>\n\t\t\t<\/div>\n\t\t\t\t\t<\/div>\n\t\t","protected":false},"excerpt":{"rendered":"<p>Bankalar \/ Finansal Kurulu\u015flar yapt\u0131\u011f\u0131m\u0131z i\u015fte iyiyiz CEILING AMERICA En G\u00fcvenilir Varl\u0131\u011f\u0131n\u0131z\u0131 Y\u00f6netmenize Yard\u0131mc\u0131 Olabilir Bankac\u0131l\u0131k d\u00fcnyas\u0131 rekabet\u00e7i ve h\u0131zl\u0131 tempoludur ve m\u00fc\u015fteriler genellikle bir bankan\u0131n di\u011ferine g\u00f6re ger\u00e7ek faydalar\u0131n\u0131 g\u00f6rmek i\u00e7in m\u00fccadele eder. CEILING AMERICA&#8217;da bu ortam\u0131 ve profesyonel olarak s\u00fcrd\u00fcr\u00fclen bir bankac\u0131l\u0131k tesisi gibi k\u00fc\u00e7\u00fck \u015feylerin her zaman ne kadar \u00f6nemli oldu\u011funu anl\u0131yoruz. &hellip;<\/p>\n<p class=\"read-more\"> <a class=\"\" href=\"https:\/\/www.ceilingamericaintl.com\/tr\/bankalar-finansal-kuruluslar\/\"> <span class=\"screen-reader-text\">Bankalar \/ Finansal Kurulu\u015flar<\/span> Devam\u0131 &raquo;<\/a><\/p>\n","protected":false},"author":1,"featured_media":0,"parent":0,"menu_order":0,"comment_status":"closed","ping_status":"closed","template":"elementor_header_footer","meta":{"inline_featured_image":false,"site-sidebar-layout":"no-sidebar","site-content-layout":"page-builder","ast-global-header-display":"","ast-main-header-display":"","ast-hfb-above-header-display":"","ast-hfb-below-header-display":"","ast-hfb-mobile-header-display":"","site-post-title":"disabled","ast-breadcrumbs-content":"","ast-featured-img":"disabled","footer-sml-layout":"","theme-transparent-header-meta":"default","adv-header-id-meta":"","stick-header-meta":"","header-above-stick-meta":"","header-main-stick-meta":"","header-below-stick-meta":""},"_links":{"self":[{"href":"https:\/\/www.ceilingamericaintl.com\/tr\/wp-json\/wp\/v2\/pages\/4422"}],"collection":[{"href":"https:\/\/www.ceilingamericaintl.com\/tr\/wp-json\/wp\/v2\/pages"}],"about":[{"href":"https:\/\/www.ceilingamericaintl.com\/tr\/wp-json\/wp\/v2\/types\/page"}],"author":[{"embeddable":true,"href":"https:\/\/www.ceilingamericaintl.com\/tr\/wp-json\/wp\/v2\/users\/1"}],"replies":[{"embeddable":true,"href":"https:\/\/www.ceilingamericaintl.com\/tr\/wp-json\/wp\/v2\/comments?post=4422"}],"version-history":[{"count":1,"href":"https:\/\/www.ceilingamericaintl.com\/tr\/wp-json\/wp\/v2\/pages\/4422\/revisions"}],"predecessor-version":[{"id":4426,"href":"https:\/\/www.ceilingamericaintl.com\/tr\/wp-json\/wp\/v2\/pages\/4422\/revisions\/4426"}],"wp:attachment":[{"href":"https:\/\/www.ceilingamericaintl.com\/tr\/wp-json\/wp\/v2\/media?parent=4422"}],"curies":[{"name":"wp","href":"https:\/\/api.w.org\/{rel}","templated":true}]}}