{"id":1268,"date":"2020-09-04T14:17:48","date_gmt":"2020-09-04T14:17:48","guid":{"rendered":"http:\/\/www.ceilingamericaintl.com\/dealership-distributorship\/"},"modified":"2020-09-09T13:58:52","modified_gmt":"2020-09-09T13:58:52","slug":"dealership-distributorship","status":"publish","type":"page","link":"https:\/\/www.ceilingamericaintl.com\/fr\/dealership-distributorship\/","title":{"rendered":"Concessionnaire et distribution"},"content":{"rendered":"\t\t<div data-elementor-type=\"wp-page\" data-elementor-id=\"1268\" class=\"elementor elementor-1268 elementor-159\">\n\t\t\t\t\t\t<div class=\"elementor-inner\">\n\t\t\t\t<div class=\"elementor-section-wrap\">\n\t\t\t\t\t\t\t\t\t<section class=\"elementor-section elementor-top-section elementor-element elementor-element-3038c29 elementor-section-height-min-height elementor-section-boxed elementor-section-height-default elementor-section-items-middle\" data-id=\"3038c29\" data-element_type=\"section\" data-settings=\"{&quot;background_background&quot;:&quot;classic&quot;}\">\n\t\t\t\t\t\t<div class=\"elementor-container elementor-column-gap-default\">\n\t\t\t\t\t\t\t<div class=\"elementor-row\">\n\t\t\t\t\t<div class=\"elementor-column elementor-col-100 elementor-top-column elementor-element elementor-element-43be11fb\" data-id=\"43be11fb\" data-element_type=\"column\">\n\t\t\t<div class=\"elementor-column-wrap elementor-element-populated\">\n\t\t\t\t\t\t\t<div class=\"elementor-widget-wrap\">\n\t\t\t\t\t\t<div class=\"elementor-element elementor-element-5d453485 elementor-widget elementor-widget-text-editor\" data-id=\"5d453485\" data-element_type=\"widget\" data-widget_type=\"text-editor.default\">\n\t\t\t\t<div class=\"elementor-widget-container\">\n\t\t\t\t\t\t\t\t<div class=\"elementor-text-editor elementor-clearfix\">\n\t\t\t\t<p>nous allons le faire ensemble<\/p>\n\t\t\t\t\t<\/div>\n\t\t\t\t\t\t<\/div>\n\t\t\t\t<\/div>\n\t\t\t\t<div class=\"elementor-element elementor-element-31223fb7 elementor-widget elementor-widget-heading\" data-id=\"31223fb7\" data-element_type=\"widget\" data-widget_type=\"heading.default\">\n\t\t\t\t<div class=\"elementor-widget-container\">\n\t\t\t<h1 class=\"elementor-heading-title elementor-size-default\">Concessionnaires et distributeurs<\/h1>\t\t<\/div>\n\t\t\t\t<\/div>\n\t\t\t\t\t\t<\/div>\n\t\t\t\t\t<\/div>\n\t\t<\/div>\n\t\t\t\t\t\t\t\t<\/div>\n\t\t\t\t\t<\/div>\n\t\t<\/section>\n\t\t\t\t<section class=\"elementor-section elementor-top-section elementor-element elementor-element-62d2f1a elementor-section-boxed elementor-section-height-default elementor-section-height-default\" data-id=\"62d2f1a\" data-element_type=\"section\">\n\t\t\t\t\t\t<div class=\"elementor-container elementor-column-gap-default\">\n\t\t\t\t\t\t\t<div class=\"elementor-row\">\n\t\t\t\t\t<div class=\"elementor-column elementor-col-50 elementor-top-column elementor-element elementor-element-29d2f412\" data-id=\"29d2f412\" data-element_type=\"column\">\n\t\t\t<div class=\"elementor-column-wrap elementor-element-populated\">\n\t\t\t\t\t\t\t<div class=\"elementor-widget-wrap\">\n\t\t\t\t\t\t<div class=\"elementor-element elementor-element-34a138f3 elementor-widget elementor-widget-heading\" data-id=\"34a138f3\" data-element_type=\"widget\" data-widget_type=\"heading.default\">\n\t\t\t\t<div class=\"elementor-widget-container\">\n\t\t\t<h4 class=\"elementor-heading-title elementor-size-default\">rester connect\u00e9<\/h4>\t\t<\/div>\n\t\t\t\t<\/div>\n\t\t\t\t<div class=\"elementor-element elementor-element-5a5a7b63 elementor-widget elementor-widget-heading\" data-id=\"5a5a7b63\" data-element_type=\"widget\" data-widget_type=\"heading.default\">\n\t\t\t\t<div class=\"elementor-widget-container\">\n\t\t\t<h2 class=\"elementor-heading-title elementor-size-default\">Concessionnaires disponibles dans le monde entier<\/h2>\t\t<\/div>\n\t\t\t\t<\/div>\n\t\t\t\t\t\t<\/div>\n\t\t\t\t\t<\/div>\n\t\t<\/div>\n\t\t\t\t<div class=\"elementor-column elementor-col-50 elementor-top-column elementor-element elementor-element-4d126372\" data-id=\"4d126372\" data-element_type=\"column\">\n\t\t\t<div class=\"elementor-column-wrap elementor-element-populated\">\n\t\t\t\t\t\t\t<div class=\"elementor-widget-wrap\">\n\t\t\t\t\t\t<div class=\"elementor-element elementor-element-715a5db elementor-widget elementor-widget-text-editor\" data-id=\"715a5db\" data-element_type=\"widget\" data-widget_type=\"text-editor.default\">\n\t\t\t\t<div class=\"elementor-widget-container\">\n\t\t\t\t\t\t\t\t<div class=\"elementor-text-editor elementor-clearfix\">\n\t\t\t\t<p class=\"font_8\"><span class=\"color_14\">Poss\u00e9der un concessionnaire Ceiling America International repr\u00e9sente une opportunit\u00e9 d\u2019investissement unique.<\/span><\/p>\n<p class=\"font_8\"><span class=\"color_14\">Ceiling America International Prospective Dealers aura la possibilit\u00e9 d\u2019atteindre le b\u00e9n\u00e9fice le plus \u00e9lev\u00e9 dans l\u2019industrie du nettoyage, faible concurrence, l\u2019exclusivit\u00e9 de nos produits et syst\u00e8mes verts propri\u00e9taires, la formation \u00e0 votre si\u00e8ge, le soutien technique et commercial \u00e0 vos employ\u00e9s dans votre si\u00e8ge social et les sites d\u2019emploi, l\u2019investissement garanti, l\u2019entreprise r\u00e9p\u00e9titive par la maintenance de compte, la distribution de produits dans le monde entier et le soutien continu complet disponible dans plusieurs langues. Si vous souhaitez devenir distributeur pour nos produits de nettoyage CAI, nous vous invitons \u00e0 remplir l\u2019application Distributorship ci-dessous.<\/span><\/p>\n\t\t\t\t\t<\/div>\n\t\t\t\t\t\t<\/div>\n\t\t\t\t<\/div>\n\t\t\t\t\t\t<\/div>\n\t\t\t\t\t<\/div>\n\t\t<\/div>\n\t\t\t\t\t\t\t\t<\/div>\n\t\t\t\t\t<\/div>\n\t\t<\/section>\n\t\t\t\t<section class=\"elementor-section elementor-top-section elementor-element elementor-element-aff434e elementor-section-boxed elementor-section-height-default elementor-section-height-default\" data-id=\"aff434e\" data-element_type=\"section\">\n\t\t\t\t\t\t<div class=\"elementor-container elementor-column-gap-default\">\n\t\t\t\t\t\t\t<div class=\"elementor-row\">\n\t\t\t\t\t<div class=\"elementor-column elementor-col-100 elementor-top-column elementor-element elementor-element-6f377cf\" data-id=\"6f377cf\" data-element_type=\"column\">\n\t\t\t<div class=\"elementor-column-wrap elementor-element-populated\">\n\t\t\t\t\t\t\t<div class=\"elementor-widget-wrap\">\n\t\t\t\t\t\t<div class=\"elementor-element elementor-element-58dde871 elementor-widget elementor-widget-heading\" data-id=\"58dde871\" data-element_type=\"widget\" data-widget_type=\"heading.default\">\n\t\t\t\t<div class=\"elementor-widget-container\">\n\t\t\t<h4 class=\"elementor-heading-title elementor-size-default\">vous aider dans les distributeurs<\/h4>\t\t<\/div>\n\t\t\t\t<\/div>\n\t\t\t\t<div class=\"elementor-element elementor-element-2430c3ab elementor-widget elementor-widget-heading\" data-id=\"2430c3ab\" data-element_type=\"widget\" data-widget_type=\"heading.default\">\n\t\t\t\t<div class=\"elementor-widget-container\">\n\t\t\t<h2 class=\"elementor-heading-title elementor-size-default\">Distributeurs disponibles dans le monde entier<\/h2>\t\t<\/div>\n\t\t\t\t<\/div>\n\t\t\t\t<section class=\"elementor-section elementor-inner-section elementor-element elementor-element-7c03c480 elementor-section-boxed elementor-section-height-default elementor-section-height-default\" data-id=\"7c03c480\" data-element_type=\"section\">\n\t\t\t\t\t\t<div class=\"elementor-container elementor-column-gap-default\">\n\t\t\t\t\t\t\t<div class=\"elementor-row\">\n\t\t\t\t\t<div class=\"elementor-column elementor-col-50 elementor-inner-column elementor-element elementor-element-aa3897a\" data-id=\"aa3897a\" data-element_type=\"column\">\n\t\t\t<div class=\"elementor-column-wrap elementor-element-populated\">\n\t\t\t\t\t\t\t<div class=\"elementor-widget-wrap\">\n\t\t\t\t\t\t<div class=\"elementor-element elementor-element-6872a718 elementor-widget elementor-widget-image\" data-id=\"6872a718\" data-element_type=\"widget\" data-widget_type=\"image.default\">\n\t\t\t\t<div class=\"elementor-widget-container\">\n\t\t\t\t\t\t\t\t<div class=\"elementor-image\">\n\t\t\t\t\t\t\t\t\t\t\t\t<img decoding=\"async\" width=\"640\" height=\"570\" src=\"https:\/\/www.ceilingamericaintl.com\/wp-content\/uploads\/2020\/09\/Legal-Advice.png\" class=\"attachment-large size-large wp-image-267\" alt=\"\" loading=\"lazy\" srcset=\"https:\/\/www.ceilingamericaintl.com\/wp-content\/uploads\/2020\/09\/Legal-Advice.png 640w, https:\/\/www.ceilingamericaintl.com\/wp-content\/uploads\/2020\/09\/Legal-Advice-300x267.png 300w\" sizes=\"(max-width: 640px) 100vw, 640px\" \/>\t\t\t\t\t\t\t\t\t\t\t\t\t\t<\/div>\n\t\t\t\t\t\t<\/div>\n\t\t\t\t<\/div>\n\t\t\t\t\t\t<\/div>\n\t\t\t\t\t<\/div>\n\t\t<\/div>\n\t\t\t\t<div class=\"elementor-column elementor-col-50 elementor-inner-column elementor-element elementor-element-5d3f2552\" data-id=\"5d3f2552\" data-element_type=\"column\">\n\t\t\t<div class=\"elementor-column-wrap elementor-element-populated\">\n\t\t\t\t\t\t\t<div class=\"elementor-widget-wrap\">\n\t\t\t\t\t\t<div class=\"elementor-element elementor-element-2fa07973 elementor-widget elementor-widget-text-editor\" data-id=\"2fa07973\" data-element_type=\"widget\" data-widget_type=\"text-editor.default\">\n\t\t\t\t<div class=\"elementor-widget-container\">\n\t\t\t\t\t\t\t\t<div class=\"elementor-text-editor elementor-clearfix\">\n\t\t\t\t<p class=\"font_8\"><span class=\"color_14\">Nous offrons des distributeurs \u00e0 des entreprises qualifi\u00e9es capables de servir la forte demande dans le monde entier pour nos produits.<\/span><\/p>\n<p class=\"font_8\"><span class=\"color_14\">Grandes opportunit\u00e9s pour les distributeurs exclusifs:<\/span><\/p>\n<p class=\"font_8\"><span class=\"color_14\"> * Possibilit\u00e9s de march\u00e9 multiple &#8211; large \u00e9ventail d\u2019industries et d\u2019applications.<\/span><\/p>\n<p class=\"font_8\"><span class=\"color_14\"> * Vert, nettoyage de la technologie radiante.<\/span><\/p>\n<p class=\"font_8\"><span class=\"color_14\">Nos programmes de distribution vous permettent d\u2019\u00eatre exclusif aux ventes, de participer \u00e0 nos programmes de comptes internationaux, de prix de produits privil\u00e9gi\u00e9s et plus encore. Inclus dans votre distribution est un inventaire extr\u00eamement g\u00e9n\u00e9reux de produits de d\u00e9marrage. Si vous souhaitez devenir distributeur pour nos produits de nettoyage CAI, nous vous invitons \u00e0 remplir l\u2019application Distributorship ci-dessous.<\/span><\/p>\n\t\t\t\t\t<\/div>\n\t\t\t\t\t\t<\/div>\n\t\t\t\t<\/div>\n\t\t\t\t\t\t<\/div>\n\t\t\t\t\t<\/div>\n\t\t<\/div>\n\t\t\t\t\t\t\t\t<\/div>\n\t\t\t\t\t<\/div>\n\t\t<\/section>\n\t\t\t\t\t\t<\/div>\n\t\t\t\t\t<\/div>\n\t\t<\/div>\n\t\t\t\t\t\t\t\t<\/div>\n\t\t\t\t\t<\/div>\n\t\t<\/section>\n\t\t\t\t<section class=\"elementor-section elementor-top-section elementor-element elementor-element-77e8939 elementor-section-boxed elementor-section-height-default elementor-section-height-default\" data-id=\"77e8939\" data-element_type=\"section\">\n\t\t\t\t\t\t<div class=\"elementor-container elementor-column-gap-default\">\n\t\t\t\t\t\t\t<div class=\"elementor-row\">\n\t\t\t\t\t<div class=\"elementor-column elementor-col-100 elementor-top-column elementor-element elementor-element-b3d47da\" data-id=\"b3d47da\" data-element_type=\"column\">\n\t\t\t<div class=\"elementor-column-wrap elementor-element-populated\">\n\t\t\t\t\t\t\t<div class=\"elementor-widget-wrap\">\n\t\t\t\t\t\t<div class=\"elementor-element elementor-element-15ca2969 elementor-widget elementor-widget-heading\" data-id=\"15ca2969\" data-element_type=\"widget\" data-widget_type=\"heading.default\">\n\t\t\t\t<div class=\"elementor-widget-container\">\n\t\t\t<h4 class=\"elementor-heading-title elementor-size-default\">plan d\u2019action<\/h4>\t\t<\/div>\n\t\t\t\t<\/div>\n\t\t\t\t<div class=\"elementor-element elementor-element-2192d7ef elementor-widget elementor-widget-heading\" data-id=\"2192d7ef\" data-element_type=\"widget\" data-widget_type=\"heading.default\">\n\t\t\t\t<div class=\"elementor-widget-container\">\n\t\t\t<h2 class=\"elementor-heading-title elementor-size-default\">Exigences de base<\/h2>\t\t<\/div>\n\t\t\t\t<\/div>\n\t\t\t\t\t\t<\/div>\n\t\t\t\t\t<\/div>\n\t\t<\/div>\n\t\t\t\t\t\t\t\t<\/div>\n\t\t\t\t\t<\/div>\n\t\t<\/section>\n\t\t\t\t<section class=\"elementor-section elementor-top-section elementor-element elementor-element-313069a7 elementor-section-boxed elementor-section-height-default elementor-section-height-default\" data-id=\"313069a7\" data-element_type=\"section\">\n\t\t\t\t\t\t<div class=\"elementor-container elementor-column-gap-default\">\n\t\t\t\t\t\t\t<div class=\"elementor-row\">\n\t\t\t\t\t<div class=\"elementor-column elementor-col-100 elementor-top-column elementor-element elementor-element-1d218ead\" data-id=\"1d218ead\" data-element_type=\"column\">\n\t\t\t<div class=\"elementor-column-wrap elementor-element-populated\">\n\t\t\t\t\t\t\t<div class=\"elementor-widget-wrap\">\n\t\t\t\t\t\t<div class=\"elementor-element elementor-element-78276358 elementor-widget elementor-widget-text-editor\" data-id=\"78276358\" data-element_type=\"widget\" data-widget_type=\"text-editor.default\">\n\t\t\t\t<div class=\"elementor-widget-container\">\n\t\t\t\t\t\t\t\t<div class=\"elementor-text-editor elementor-clearfix\">\n\t\t\t\t<p><span class=\"color_14\">Afin d\u2019\u00eatre consid\u00e9r\u00e9 comme un concessionnaire et\/ou distributeur potentiel de Ceiling America International, un candidat doit satisfaire aux conditions minimales d\u2019admissibilit\u00e9 \u00e9nonc\u00e9es par Ceiling America International. Si ces exigences sont satisfaites, les renseignements du candidat, tels qu\u2019ils sont soumis sur la demande de concessionnaire prospect et\/ou de distributeur, peuvent \u00eatre conserv\u00e9s dans la base de donn\u00e9es de Ceiling America International pendant un an si des possibilit\u00e9s deviennent disponibles.<\/span><\/p>\n<p class=\"font_8\"><span class=\"color_14\">Bien qu\u2019une perspective puisse satisfaire aux exigences minimales de Ceiling America International, cela n\u2019implique pas que le candidat sera automatiquement consid\u00e9r\u00e9 pour un concessionnaire particulier et \/ou distributeur \u00e0 vendre. Seuls les candidats qui r\u00e9pondent aux exigences uniques d\u2019un concessionnaire et\/ou d\u2019un distributeur sp\u00e9cifique seront pris en consid\u00e9ration. Contact par Ceiling America International ne constitue pas l\u2019autorisation ou l\u2019approbation du distributeur.<\/span><\/p>\n<p class=\"font_8\"><span class=\"color_14\">Nouveau concessionnaire et\/ou emplacement de distribution &#8211; Ceiling America International r\u00e9alise des \u00e9tudes de march\u00e9 dans le monde entier afin de d\u00e9terminer la n\u00e9cessit\u00e9 de nouveaux emplacements de concessionnaire et\/ou de distribution en fonction des besoins du march\u00e9. Une fois qu\u2019un nouveau point a \u00e9t\u00e9 d\u00e9termin\u00e9, Ceiling America recherche sa base de donn\u00e9es de prospects internes pour commencer le processus de s\u00e9lection avec les concessionnaires et\/ou distributeurs potentiels. Les exigences en mati\u00e8re d\u2019investissement pour les nouveaux concessionnaires et\/ou les emplacements de distribution varient selon les donn\u00e9es de l\u2019\u00e9tude de march\u00e9 et de l\u2019industrie pour chaque emplacement.<\/span><\/p>\n\t\t\t\t\t<\/div>\n\t\t\t\t\t\t<\/div>\n\t\t\t\t<\/div>\n\t\t\t\t\t\t<\/div>\n\t\t\t\t\t<\/div>\n\t\t<\/div>\n\t\t\t\t\t\t\t\t<\/div>\n\t\t\t\t\t<\/div>\n\t\t<\/section>\n\t\t\t\t<section class=\"elementor-section elementor-top-section elementor-element elementor-element-2efe779d elementor-section-full_width elementor-section-height-default elementor-section-height-default\" data-id=\"2efe779d\" data-element_type=\"section\" data-settings=\"{&quot;background_background&quot;:&quot;classic&quot;}\">\n\t\t\t\t\t\t<div class=\"elementor-container elementor-column-gap-default\">\n\t\t\t\t\t\t\t<div class=\"elementor-row\">\n\t\t\t\t\t<div class=\"elementor-column elementor-col-100 elementor-top-column elementor-element elementor-element-37b0689c\" data-id=\"37b0689c\" data-element_type=\"column\" data-settings=\"{&quot;background_background&quot;:&quot;classic&quot;}\">\n\t\t\t<div class=\"elementor-column-wrap elementor-element-populated\">\n\t\t\t\t\t\t\t<div class=\"elementor-widget-wrap\">\n\t\t\t\t\t\t<div class=\"elementor-element elementor-element-4908b4a6 elementor-widget elementor-widget-heading\" data-id=\"4908b4a6\" data-element_type=\"widget\" data-widget_type=\"heading.default\">\n\t\t\t\t<div class=\"elementor-widget-container\">\n\t\t\t<h2 class=\"elementor-heading-title elementor-size-default\">Concessionnaires et distributeurs disponibles dans le monde entier\n<\/h2>\t\t<\/div>\n\t\t\t\t<\/div>\n\t\t\t\t<div class=\"elementor-element elementor-element-f5277e5 elementor-widget elementor-widget-text-editor\" data-id=\"f5277e5\" data-element_type=\"widget\" data-widget_type=\"text-editor.default\">\n\t\t\t\t<div class=\"elementor-widget-container\">\n\t\t\t\t\t\t\t\t<div class=\"elementor-text-editor elementor-clearfix\">\n\t\t\t\t<p><span class=\"color_14\">Si vous \u00eates int\u00e9ress\u00e9, veuillez t\u00e9l\u00e9charger et remplir la demande de concessionnaire et\/ou de distributeur ci-dessous, soumettez-la avec votre profil d\u2019entreprise.<\/span><\/p>\n\t\t\t\t\t<\/div>\n\t\t\t\t\t\t<\/div>\n\t\t\t\t<\/div>\n\t\t\t\t<section class=\"elementor-section elementor-inner-section elementor-element elementor-element-b7832b8 elementor-section-boxed elementor-section-height-default elementor-section-height-default\" data-id=\"b7832b8\" data-element_type=\"section\">\n\t\t\t\t\t\t<div class=\"elementor-container elementor-column-gap-default\">\n\t\t\t\t\t\t\t<div class=\"elementor-row\">\n\t\t\t\t\t<div class=\"elementor-column elementor-col-50 elementor-inner-column elementor-element elementor-element-20e3341\" data-id=\"20e3341\" data-element_type=\"column\">\n\t\t\t<div class=\"elementor-column-wrap elementor-element-populated\">\n\t\t\t\t\t\t\t<div class=\"elementor-widget-wrap\">\n\t\t\t\t\t\t<div class=\"elementor-element elementor-element-092c193 elementor-align-justify elementor-widget elementor-widget-button\" data-id=\"092c193\" data-element_type=\"widget\" data-widget_type=\"button.default\">\n\t\t\t\t<div class=\"elementor-widget-container\">\n\t\t\t\t\t<div class=\"elementor-button-wrapper\">\n\t\t\t<a href=\"https:\/\/4b1cbb78-83af-4a9b-bd8b-9ae3b2e411ad.filesusr.com\/ugd\/2e05e9_5860a348d62c4211baa52f1dd12d3df2.pdf\" class=\"elementor-button-link elementor-button elementor-size-md\" role=\"button\">\n\t\t\t\t\t\t<span class=\"elementor-button-content-wrapper\">\n\t\t\t\t\t\t<span class=\"elementor-button-text\">T\u00e9l\u00e9charger l\u2019application du concessionnaire potentiel<\/span>\n\t\t<\/span>\n\t\t\t\t\t<\/a>\n\t\t<\/div>\n\t\t\t\t<\/div>\n\t\t\t\t<\/div>\n\t\t\t\t\t\t<\/div>\n\t\t\t\t\t<\/div>\n\t\t<\/div>\n\t\t\t\t<div class=\"elementor-column elementor-col-50 elementor-inner-column elementor-element elementor-element-258f95e\" data-id=\"258f95e\" data-element_type=\"column\">\n\t\t\t<div class=\"elementor-column-wrap elementor-element-populated\">\n\t\t\t\t\t\t\t<div class=\"elementor-widget-wrap\">\n\t\t\t\t\t\t<div class=\"elementor-element elementor-element-0dc194d elementor-align-justify elementor-widget elementor-widget-button\" data-id=\"0dc194d\" data-element_type=\"widget\" data-widget_type=\"button.default\">\n\t\t\t\t<div class=\"elementor-widget-container\">\n\t\t\t\t\t<div class=\"elementor-button-wrapper\">\n\t\t\t<a href=\"https:\/\/4b1cbb78-83af-4a9b-bd8b-9ae3b2e411ad.filesusr.com\/ugd\/2e05e9_1b7976e4bee94745888bf824246cd0e6.pdf\" class=\"elementor-button-link elementor-button elementor-size-md\" role=\"button\">\n\t\t\t\t\t\t<span class=\"elementor-button-content-wrapper\">\n\t\t\t\t\t\t<span class=\"elementor-button-text\">T\u00e9l\u00e9charger Prospective Distributorship Application<\/span>\n\t\t<\/span>\n\t\t\t\t\t<\/a>\n\t\t<\/div>\n\t\t\t\t<\/div>\n\t\t\t\t<\/div>\n\t\t\t\t\t\t<\/div>\n\t\t\t\t\t<\/div>\n\t\t<\/div>\n\t\t\t\t\t\t\t\t<\/div>\n\t\t\t\t\t<\/div>\n\t\t<\/section>\n\t\t\t\t\t\t<\/div>\n\t\t\t\t\t<\/div>\n\t\t<\/div>\n\t\t\t\t\t\t\t\t<\/div>\n\t\t\t\t\t<\/div>\n\t\t<\/section>\n\t\t\t\t\t\t\t\t\t<\/div>\n\t\t\t<\/div>\n\t\t\t\t\t<\/div>\n\t\t","protected":false},"excerpt":{"rendered":"<p>nous allons le faire ensemble Concessionnaires et distributeurs rester connect\u00e9 Concessionnaires disponibles dans le monde entier Poss\u00e9der un concessionnaire Ceiling America International repr\u00e9sente une opportunit\u00e9 d\u2019investissement unique. Ceiling America International Prospective Dealers aura la possibilit\u00e9 d\u2019atteindre le b\u00e9n\u00e9fice le plus \u00e9lev\u00e9 dans l\u2019industrie du nettoyage, faible concurrence, l\u2019exclusivit\u00e9 de nos produits et syst\u00e8mes verts propri\u00e9taires, &hellip;<\/p>\n<p class=\"read-more\"> <a class=\"\" href=\"https:\/\/www.ceilingamericaintl.com\/fr\/dealership-distributorship\/\"> <span class=\"screen-reader-text\">Concessionnaire et distribution<\/span> Lire la suite\u00a0\u00bb<\/a><\/p>\n","protected":false},"author":1,"featured_media":0,"parent":0,"menu_order":0,"comment_status":"closed","ping_status":"closed","template":"","meta":{"inline_featured_image":false,"site-sidebar-layout":"no-sidebar","site-content-layout":"page-builder","ast-global-header-display":"","ast-main-header-display":"","ast-hfb-above-header-display":"","ast-hfb-below-header-display":"","ast-hfb-mobile-header-display":"","site-post-title":"disabled","ast-breadcrumbs-content":"","ast-featured-img":"disabled","footer-sml-layout":"","theme-transparent-header-meta":"default","adv-header-id-meta":"","stick-header-meta":"","header-above-stick-meta":"","header-main-stick-meta":"","header-below-stick-meta":""},"_links":{"self":[{"href":"https:\/\/www.ceilingamericaintl.com\/fr\/wp-json\/wp\/v2\/pages\/1268"}],"collection":[{"href":"https:\/\/www.ceilingamericaintl.com\/fr\/wp-json\/wp\/v2\/pages"}],"about":[{"href":"https:\/\/www.ceilingamericaintl.com\/fr\/wp-json\/wp\/v2\/types\/page"}],"author":[{"embeddable":true,"href":"https:\/\/www.ceilingamericaintl.com\/fr\/wp-json\/wp\/v2\/users\/1"}],"replies":[{"embeddable":true,"href":"https:\/\/www.ceilingamericaintl.com\/fr\/wp-json\/wp\/v2\/comments?post=1268"}],"version-history":[{"count":6,"href":"https:\/\/www.ceilingamericaintl.com\/fr\/wp-json\/wp\/v2\/pages\/1268\/revisions"}],"predecessor-version":[{"id":2259,"href":"https:\/\/www.ceilingamericaintl.com\/fr\/wp-json\/wp\/v2\/pages\/1268\/revisions\/2259"}],"wp:attachment":[{"href":"https:\/\/www.ceilingamericaintl.com\/fr\/wp-json\/wp\/v2\/media?parent=1268"}],"curies":[{"name":"wp","href":"https:\/\/api.w.org\/{rel}","templated":true}]}}