{"id":1269,"date":"2020-09-04T14:17:48","date_gmt":"2020-09-04T14:17:48","guid":{"rendered":"http:\/\/www.ceilingamericaintl.com\/dealership-distributorship\/"},"modified":"2020-09-09T13:57:05","modified_gmt":"2020-09-09T13:57:05","slug":"dealership-distributorship","status":"publish","type":"page","link":"https:\/\/www.ceilingamericaintl.com\/de\/dealership-distributorship\/","title":{"rendered":"H\u00e4ndler &amp; H\u00e4ndler"},"content":{"rendered":"\t\t<div data-elementor-type=\"wp-page\" data-elementor-id=\"1269\" class=\"elementor elementor-1269 elementor-159\">\n\t\t\t\t\t\t<div class=\"elementor-inner\">\n\t\t\t\t<div class=\"elementor-section-wrap\">\n\t\t\t\t\t\t\t\t\t<section class=\"elementor-section elementor-top-section elementor-element elementor-element-3038c29 elementor-section-height-min-height elementor-section-boxed elementor-section-height-default elementor-section-items-middle\" data-id=\"3038c29\" data-element_type=\"section\" data-settings=\"{&quot;background_background&quot;:&quot;classic&quot;}\">\n\t\t\t\t\t\t<div class=\"elementor-container elementor-column-gap-default\">\n\t\t\t\t\t\t\t<div class=\"elementor-row\">\n\t\t\t\t\t<div class=\"elementor-column elementor-col-100 elementor-top-column elementor-element elementor-element-43be11fb\" data-id=\"43be11fb\" data-element_type=\"column\">\n\t\t\t<div class=\"elementor-column-wrap elementor-element-populated\">\n\t\t\t\t\t\t\t<div class=\"elementor-widget-wrap\">\n\t\t\t\t\t\t<div class=\"elementor-element elementor-element-5d453485 elementor-widget elementor-widget-text-editor\" data-id=\"5d453485\" data-element_type=\"widget\" data-widget_type=\"text-editor.default\">\n\t\t\t\t<div class=\"elementor-widget-container\">\n\t\t\t\t\t\t\t\t<div class=\"elementor-text-editor elementor-clearfix\">\n\t\t\t\t<p>wir werden es gemeinsam tun<\/p>\n\t\t\t\t\t<\/div>\n\t\t\t\t\t\t<\/div>\n\t\t\t\t<\/div>\n\t\t\t\t<div class=\"elementor-element elementor-element-31223fb7 elementor-widget elementor-widget-heading\" data-id=\"31223fb7\" data-element_type=\"widget\" data-widget_type=\"heading.default\">\n\t\t\t\t<div class=\"elementor-widget-container\">\n\t\t\t<h1 class=\"elementor-heading-title elementor-size-default\">H\u00e4ndler &amp; Distributoren<\/h1>\t\t<\/div>\n\t\t\t\t<\/div>\n\t\t\t\t\t\t<\/div>\n\t\t\t\t\t<\/div>\n\t\t<\/div>\n\t\t\t\t\t\t\t\t<\/div>\n\t\t\t\t\t<\/div>\n\t\t<\/section>\n\t\t\t\t<section class=\"elementor-section elementor-top-section elementor-element elementor-element-62d2f1a elementor-section-boxed elementor-section-height-default elementor-section-height-default\" data-id=\"62d2f1a\" data-element_type=\"section\">\n\t\t\t\t\t\t<div class=\"elementor-container elementor-column-gap-default\">\n\t\t\t\t\t\t\t<div class=\"elementor-row\">\n\t\t\t\t\t<div class=\"elementor-column elementor-col-50 elementor-top-column elementor-element elementor-element-29d2f412\" data-id=\"29d2f412\" data-element_type=\"column\">\n\t\t\t<div class=\"elementor-column-wrap elementor-element-populated\">\n\t\t\t\t\t\t\t<div class=\"elementor-widget-wrap\">\n\t\t\t\t\t\t<div class=\"elementor-element elementor-element-34a138f3 elementor-widget elementor-widget-heading\" data-id=\"34a138f3\" data-element_type=\"widget\" data-widget_type=\"heading.default\">\n\t\t\t\t<div class=\"elementor-widget-container\">\n\t\t\t<h4 class=\"elementor-heading-title elementor-size-default\">bleiben verbunden<\/h4>\t\t<\/div>\n\t\t\t\t<\/div>\n\t\t\t\t<div class=\"elementor-element elementor-element-5a5a7b63 elementor-widget elementor-widget-heading\" data-id=\"5a5a7b63\" data-element_type=\"widget\" data-widget_type=\"heading.default\">\n\t\t\t\t<div class=\"elementor-widget-container\">\n\t\t\t<h2 class=\"elementor-heading-title elementor-size-default\">H\u00e4ndler weltweit verf\u00fcgbar<\/h2>\t\t<\/div>\n\t\t\t\t<\/div>\n\t\t\t\t\t\t<\/div>\n\t\t\t\t\t<\/div>\n\t\t<\/div>\n\t\t\t\t<div class=\"elementor-column elementor-col-50 elementor-top-column elementor-element elementor-element-4d126372\" data-id=\"4d126372\" data-element_type=\"column\">\n\t\t\t<div class=\"elementor-column-wrap elementor-element-populated\">\n\t\t\t\t\t\t\t<div class=\"elementor-widget-wrap\">\n\t\t\t\t\t\t<div class=\"elementor-element elementor-element-715a5db elementor-widget elementor-widget-text-editor\" data-id=\"715a5db\" data-element_type=\"widget\" data-widget_type=\"text-editor.default\">\n\t\t\t\t<div class=\"elementor-widget-container\">\n\t\t\t\t\t\t\t\t<div class=\"elementor-text-editor elementor-clearfix\">\n\t\t\t\t<p class=\"font_8\"><span class=\"color_14\">Der Besitz eines Decken-America-H\u00e4ndlers stellt eine einzigartige Investitionsm\u00f6glichkeit dar.<\/span><\/p>\n<p class=\"font_8\"><span class=\"color_14\">Ceiling America International Prospective Dealers haben die M\u00f6glichkeit, den h\u00f6chsten Gewinn in der Reinigungsindustrie zu erzielen, wenig Wettbewerb, die Exklusivit\u00e4t unserer propriet\u00e4ren gr\u00fcnen Produkte und Systeme, Schulungen in Ihrem Hauptsitz, technische und Vertriebsmarketing-Unterst\u00fctzung f\u00fcr Ihre Mitarbeiter in Ihrer Zentrale und Baustellen, garantierte Investitionen, repetitive Gesch\u00e4fte durch Kontopflege, weltweiten Produktvertrieb und vollen kostenlosen laufenden Support in mehreren Sprachen verf\u00fcgbar. Wenn Sie daran interessiert sind, Distributor f\u00fcr unsere CAI-Reinigungsprodukte zu werden, laden wir Sie ein, die unten stehende Distributorship-Anwendung abzuschlie\u00dfen.<\/span><\/p>\n\t\t\t\t\t<\/div>\n\t\t\t\t\t\t<\/div>\n\t\t\t\t<\/div>\n\t\t\t\t\t\t<\/div>\n\t\t\t\t\t<\/div>\n\t\t<\/div>\n\t\t\t\t\t\t\t\t<\/div>\n\t\t\t\t\t<\/div>\n\t\t<\/section>\n\t\t\t\t<section class=\"elementor-section elementor-top-section elementor-element elementor-element-aff434e elementor-section-boxed elementor-section-height-default elementor-section-height-default\" data-id=\"aff434e\" data-element_type=\"section\">\n\t\t\t\t\t\t<div class=\"elementor-container elementor-column-gap-default\">\n\t\t\t\t\t\t\t<div class=\"elementor-row\">\n\t\t\t\t\t<div class=\"elementor-column elementor-col-100 elementor-top-column elementor-element elementor-element-6f377cf\" data-id=\"6f377cf\" data-element_type=\"column\">\n\t\t\t<div class=\"elementor-column-wrap elementor-element-populated\">\n\t\t\t\t\t\t\t<div class=\"elementor-widget-wrap\">\n\t\t\t\t\t\t<div class=\"elementor-element elementor-element-58dde871 elementor-widget elementor-widget-heading\" data-id=\"58dde871\" data-element_type=\"widget\" data-widget_type=\"heading.default\">\n\t\t\t\t<div class=\"elementor-widget-container\">\n\t\t\t<h4 class=\"elementor-heading-title elementor-size-default\">Hilfe bei Distributorships<\/h4>\t\t<\/div>\n\t\t\t\t<\/div>\n\t\t\t\t<div class=\"elementor-element elementor-element-2430c3ab elementor-widget elementor-widget-heading\" data-id=\"2430c3ab\" data-element_type=\"widget\" data-widget_type=\"heading.default\">\n\t\t\t\t<div class=\"elementor-widget-container\">\n\t\t\t<h2 class=\"elementor-heading-title elementor-size-default\">Distributoren weltweit verf\u00fcgbar<\/h2>\t\t<\/div>\n\t\t\t\t<\/div>\n\t\t\t\t<section class=\"elementor-section elementor-inner-section elementor-element elementor-element-7c03c480 elementor-section-boxed elementor-section-height-default elementor-section-height-default\" data-id=\"7c03c480\" data-element_type=\"section\">\n\t\t\t\t\t\t<div class=\"elementor-container elementor-column-gap-default\">\n\t\t\t\t\t\t\t<div class=\"elementor-row\">\n\t\t\t\t\t<div class=\"elementor-column elementor-col-50 elementor-inner-column elementor-element elementor-element-aa3897a\" data-id=\"aa3897a\" data-element_type=\"column\">\n\t\t\t<div class=\"elementor-column-wrap elementor-element-populated\">\n\t\t\t\t\t\t\t<div class=\"elementor-widget-wrap\">\n\t\t\t\t\t\t<div class=\"elementor-element elementor-element-6872a718 elementor-widget elementor-widget-image\" data-id=\"6872a718\" data-element_type=\"widget\" data-widget_type=\"image.default\">\n\t\t\t\t<div class=\"elementor-widget-container\">\n\t\t\t\t\t\t\t\t<div class=\"elementor-image\">\n\t\t\t\t\t\t\t\t\t\t\t\t<img decoding=\"async\" width=\"640\" height=\"570\" src=\"https:\/\/www.ceilingamericaintl.com\/wp-content\/uploads\/2020\/09\/Legal-Advice.png\" class=\"attachment-large size-large wp-image-268\" alt=\"\" loading=\"lazy\" srcset=\"https:\/\/www.ceilingamericaintl.com\/wp-content\/uploads\/2020\/09\/Legal-Advice.png 640w, https:\/\/www.ceilingamericaintl.com\/wp-content\/uploads\/2020\/09\/Legal-Advice-300x267.png 300w\" sizes=\"(max-width: 640px) 100vw, 640px\" \/>\t\t\t\t\t\t\t\t\t\t\t\t\t\t<\/div>\n\t\t\t\t\t\t<\/div>\n\t\t\t\t<\/div>\n\t\t\t\t\t\t<\/div>\n\t\t\t\t\t<\/div>\n\t\t<\/div>\n\t\t\t\t<div class=\"elementor-column elementor-col-50 elementor-inner-column elementor-element elementor-element-5d3f2552\" data-id=\"5d3f2552\" data-element_type=\"column\">\n\t\t\t<div class=\"elementor-column-wrap elementor-element-populated\">\n\t\t\t\t\t\t\t<div class=\"elementor-widget-wrap\">\n\t\t\t\t\t\t<div class=\"elementor-element elementor-element-2fa07973 elementor-widget elementor-widget-text-editor\" data-id=\"2fa07973\" data-element_type=\"widget\" data-widget_type=\"text-editor.default\">\n\t\t\t\t<div class=\"elementor-widget-container\">\n\t\t\t\t\t\t\t\t<div class=\"elementor-text-editor elementor-clearfix\">\n\t\t\t\t<p class=\"font_8\"><span class=\"color_14\">Wir bieten Distributorships f\u00fcr qualifizierte Unternehmen an, die in der Lage sind, die hohe Nachfrage auf der ganzen Welt nach unseren Produkten zu bedienen.<\/span><\/p>\n<p class=\"font_8\"><span class=\"color_14\">Gro\u00dfe M\u00f6glichkeiten f\u00fcr exklusive Distributoren:<\/span><\/p>\n<p class=\"font_8\"><span class=\"color_14\"> * Mehrere Marktchancen &#8211; breite Palette von Branchen und Anwendungen.<\/span><\/p>\n<p class=\"font_8\"><span class=\"color_14\"> * Gr\u00fcn, Reinigungs-Strahlungstechnik.<\/span><\/p>\n<p class=\"font_8\"><span class=\"color_14\">Unsere Distributorship-Programme bieten Ihnen Vertriebsexklusivit\u00e4t, Teilnahme an unseren International Accounts Programme, bevorzugte Produktpreise und vieles mehr. In Ihrem Distributorship ist ein \u00e4u\u00dferst gro\u00dfz\u00fcgiges &#8222;Start-up&#8220;-Produktinventar enthalten. Wenn Sie daran interessiert sind, Distributor f\u00fcr unsere CAI-Reinigungsprodukte zu werden, laden wir Sie ein, die unten stehende Distributorship-Anwendung abzuschlie\u00dfen.<\/span><\/p>\n\t\t\t\t\t<\/div>\n\t\t\t\t\t\t<\/div>\n\t\t\t\t<\/div>\n\t\t\t\t\t\t<\/div>\n\t\t\t\t\t<\/div>\n\t\t<\/div>\n\t\t\t\t\t\t\t\t<\/div>\n\t\t\t\t\t<\/div>\n\t\t<\/section>\n\t\t\t\t\t\t<\/div>\n\t\t\t\t\t<\/div>\n\t\t<\/div>\n\t\t\t\t\t\t\t\t<\/div>\n\t\t\t\t\t<\/div>\n\t\t<\/section>\n\t\t\t\t<section class=\"elementor-section elementor-top-section elementor-element elementor-element-77e8939 elementor-section-boxed elementor-section-height-default elementor-section-height-default\" data-id=\"77e8939\" data-element_type=\"section\">\n\t\t\t\t\t\t<div class=\"elementor-container elementor-column-gap-default\">\n\t\t\t\t\t\t\t<div class=\"elementor-row\">\n\t\t\t\t\t<div class=\"elementor-column elementor-col-100 elementor-top-column elementor-element elementor-element-b3d47da\" data-id=\"b3d47da\" data-element_type=\"column\">\n\t\t\t<div class=\"elementor-column-wrap elementor-element-populated\">\n\t\t\t\t\t\t\t<div class=\"elementor-widget-wrap\">\n\t\t\t\t\t\t<div class=\"elementor-element elementor-element-15ca2969 elementor-widget elementor-widget-heading\" data-id=\"15ca2969\" data-element_type=\"widget\" data-widget_type=\"heading.default\">\n\t\t\t\t<div class=\"elementor-widget-container\">\n\t\t\t<h4 class=\"elementor-heading-title elementor-size-default\">Aktionsplan<\/h4>\t\t<\/div>\n\t\t\t\t<\/div>\n\t\t\t\t<div class=\"elementor-element elementor-element-2192d7ef elementor-widget elementor-widget-heading\" data-id=\"2192d7ef\" data-element_type=\"widget\" data-widget_type=\"heading.default\">\n\t\t\t\t<div class=\"elementor-widget-container\">\n\t\t\t<h2 class=\"elementor-heading-title elementor-size-default\">Grundvoraussetzungen<\/h2>\t\t<\/div>\n\t\t\t\t<\/div>\n\t\t\t\t\t\t<\/div>\n\t\t\t\t\t<\/div>\n\t\t<\/div>\n\t\t\t\t\t\t\t\t<\/div>\n\t\t\t\t\t<\/div>\n\t\t<\/section>\n\t\t\t\t<section class=\"elementor-section elementor-top-section elementor-element elementor-element-313069a7 elementor-section-boxed elementor-section-height-default elementor-section-height-default\" data-id=\"313069a7\" data-element_type=\"section\">\n\t\t\t\t\t\t<div class=\"elementor-container elementor-column-gap-default\">\n\t\t\t\t\t\t\t<div class=\"elementor-row\">\n\t\t\t\t\t<div class=\"elementor-column elementor-col-100 elementor-top-column elementor-element elementor-element-1d218ead\" data-id=\"1d218ead\" data-element_type=\"column\">\n\t\t\t<div class=\"elementor-column-wrap elementor-element-populated\">\n\t\t\t\t\t\t\t<div class=\"elementor-widget-wrap\">\n\t\t\t\t\t\t<div class=\"elementor-element elementor-element-78276358 elementor-widget elementor-widget-text-editor\" data-id=\"78276358\" data-element_type=\"widget\" data-widget_type=\"text-editor.default\">\n\t\t\t\t<div class=\"elementor-widget-container\">\n\t\t\t\t\t\t\t\t<div class=\"elementor-text-editor elementor-clearfix\">\n\t\t\t\t<p><span class=\"color_14\">Um als potenzieller Deckenh\u00e4ndler und\/oder Distributor in Betracht gezogen zu werden, muss ein Kandidat die von Ceiling America International festgelegten Mindestvoraussetzungen erf\u00fcllen. Wenn solche Anforderungen erf\u00fcllt sind, k\u00f6nnen die Informationen des Kandidaten, wie sie auf dem Prospect Dealer und\/oder Distributor-Antrag eingereicht werden, ein Jahr lang in der Datenbank von Ceiling America International aufbewahrt werden, falls die Verkaufschancen verf\u00fcgbar sind.<\/span><\/p>\n<p class=\"font_8\"><span class=\"color_14\">Obwohl ein Interessent die Mindestanforderungen von Ceiling America International erf\u00fcllen kann, bedeutet dies nicht, dass der Kandidat automatisch f\u00fcr ein bestimmtes H\u00e4ndler- und\/oder H\u00e4ndlerschiff zum Verkauf in Betracht gezogen wird. Es werden nur Kandidaten ber\u00fccksichtigt, die die individuellen Anforderungen eines bestimmten H\u00e4ndlers und\/oder H\u00e4ndlers erf\u00fcllen. Der Kontakt von Ceiling America International stellt keine H\u00e4ndler- und\/oder Distributor-Genehmigung oder -Genehmigung dar.<\/span><\/p>\n<p class=\"font_8\"><span class=\"color_14\">Neuer H\u00e4ndler- und\/oder Vertriebsstandort &#8211; Ceiling America International schlie\u00dft Marktstudien auf der ganzen Welt ab, um den Bedarf an neuen H\u00e4ndler- und\/oder Vertriebsstandorten basierend auf den Marktbed\u00fcrfnissen zu ermitteln. Sobald ein neuer Punkt ermittelt wurde, durchsucht Ceiling America seine interne Interessentendatenbank, um den Auswahlprozess mit potenziellen H\u00e4ndlern und\/oder Distributoren zu beginnen. Die Investitionsanforderungen f\u00fcr Standorte f\u00fcr neue H\u00e4ndler und\/oder Distributoren variieren je nach Marktstudieninformationen und Branchendaten f\u00fcr jeden Standort.<\/span><\/p>\n\t\t\t\t\t<\/div>\n\t\t\t\t\t\t<\/div>\n\t\t\t\t<\/div>\n\t\t\t\t\t\t<\/div>\n\t\t\t\t\t<\/div>\n\t\t<\/div>\n\t\t\t\t\t\t\t\t<\/div>\n\t\t\t\t\t<\/div>\n\t\t<\/section>\n\t\t\t\t<section class=\"elementor-section elementor-top-section elementor-element elementor-element-2efe779d elementor-section-full_width elementor-section-height-default elementor-section-height-default\" data-id=\"2efe779d\" data-element_type=\"section\" data-settings=\"{&quot;background_background&quot;:&quot;classic&quot;}\">\n\t\t\t\t\t\t<div class=\"elementor-container elementor-column-gap-default\">\n\t\t\t\t\t\t\t<div class=\"elementor-row\">\n\t\t\t\t\t<div class=\"elementor-column elementor-col-100 elementor-top-column elementor-element elementor-element-37b0689c\" data-id=\"37b0689c\" data-element_type=\"column\" data-settings=\"{&quot;background_background&quot;:&quot;classic&quot;}\">\n\t\t\t<div class=\"elementor-column-wrap elementor-element-populated\">\n\t\t\t\t\t\t\t<div class=\"elementor-widget-wrap\">\n\t\t\t\t\t\t<div class=\"elementor-element elementor-element-4908b4a6 elementor-widget elementor-widget-heading\" data-id=\"4908b4a6\" data-element_type=\"widget\" data-widget_type=\"heading.default\">\n\t\t\t\t<div class=\"elementor-widget-container\">\n\t\t\t<h2 class=\"elementor-heading-title elementor-size-default\">H\u00e4ndler &amp; Distributoren weltweit verf\u00fcgbar\n<\/h2>\t\t<\/div>\n\t\t\t\t<\/div>\n\t\t\t\t<div class=\"elementor-element elementor-element-f5277e5 elementor-widget elementor-widget-text-editor\" data-id=\"f5277e5\" data-element_type=\"widget\" data-widget_type=\"text-editor.default\">\n\t\t\t\t<div class=\"elementor-widget-container\">\n\t\t\t\t\t\t\t\t<div class=\"elementor-text-editor elementor-clearfix\">\n\t\t\t\t<p><span class=\"color_14\">Wenn Sie interessiert sind, laden Sie bitte die folgende Interessenten- und\/oder H\u00e4ndleranwendung herunter und f\u00fcllen Sie sie mit Ihrem Unternehmensprofil aus.<\/span><\/p>\n\t\t\t\t\t<\/div>\n\t\t\t\t\t\t<\/div>\n\t\t\t\t<\/div>\n\t\t\t\t<section class=\"elementor-section elementor-inner-section elementor-element elementor-element-b7832b8 elementor-section-boxed elementor-section-height-default elementor-section-height-default\" data-id=\"b7832b8\" data-element_type=\"section\">\n\t\t\t\t\t\t<div class=\"elementor-container elementor-column-gap-default\">\n\t\t\t\t\t\t\t<div class=\"elementor-row\">\n\t\t\t\t\t<div class=\"elementor-column elementor-col-50 elementor-inner-column elementor-element elementor-element-20e3341\" data-id=\"20e3341\" data-element_type=\"column\">\n\t\t\t<div class=\"elementor-column-wrap elementor-element-populated\">\n\t\t\t\t\t\t\t<div class=\"elementor-widget-wrap\">\n\t\t\t\t\t\t<div class=\"elementor-element elementor-element-092c193 elementor-align-justify elementor-widget elementor-widget-button\" data-id=\"092c193\" data-element_type=\"widget\" data-widget_type=\"button.default\">\n\t\t\t\t<div class=\"elementor-widget-container\">\n\t\t\t\t\t<div class=\"elementor-button-wrapper\">\n\t\t\t<a href=\"https:\/\/4b1cbb78-83af-4a9b-bd8b-9ae3b2e411ad.filesusr.com\/ugd\/2e05e9_5860a348d62c4211baa52f1dd12d3df2.pdf\" class=\"elementor-button-link elementor-button elementor-size-md\" role=\"button\">\n\t\t\t\t\t\t<span class=\"elementor-button-content-wrapper\">\n\t\t\t\t\t\t<span class=\"elementor-button-text\">Prospective Dealer Application herunterladen<\/span>\n\t\t<\/span>\n\t\t\t\t\t<\/a>\n\t\t<\/div>\n\t\t\t\t<\/div>\n\t\t\t\t<\/div>\n\t\t\t\t\t\t<\/div>\n\t\t\t\t\t<\/div>\n\t\t<\/div>\n\t\t\t\t<div class=\"elementor-column elementor-col-50 elementor-inner-column elementor-element elementor-element-258f95e\" data-id=\"258f95e\" data-element_type=\"column\">\n\t\t\t<div class=\"elementor-column-wrap elementor-element-populated\">\n\t\t\t\t\t\t\t<div class=\"elementor-widget-wrap\">\n\t\t\t\t\t\t<div class=\"elementor-element elementor-element-0dc194d elementor-align-justify elementor-widget elementor-widget-button\" data-id=\"0dc194d\" data-element_type=\"widget\" data-widget_type=\"button.default\">\n\t\t\t\t<div class=\"elementor-widget-container\">\n\t\t\t\t\t<div class=\"elementor-button-wrapper\">\n\t\t\t<a href=\"https:\/\/4b1cbb78-83af-4a9b-bd8b-9ae3b2e411ad.filesusr.com\/ugd\/2e05e9_1b7976e4bee94745888bf824246cd0e6.pdf\" class=\"elementor-button-link elementor-button elementor-size-md\" role=\"button\">\n\t\t\t\t\t\t<span class=\"elementor-button-content-wrapper\">\n\t\t\t\t\t\t<span class=\"elementor-button-text\">Prospective Distributorship Application herunterladen<\/span>\n\t\t<\/span>\n\t\t\t\t\t<\/a>\n\t\t<\/div>\n\t\t\t\t<\/div>\n\t\t\t\t<\/div>\n\t\t\t\t\t\t<\/div>\n\t\t\t\t\t<\/div>\n\t\t<\/div>\n\t\t\t\t\t\t\t\t<\/div>\n\t\t\t\t\t<\/div>\n\t\t<\/section>\n\t\t\t\t\t\t<\/div>\n\t\t\t\t\t<\/div>\n\t\t<\/div>\n\t\t\t\t\t\t\t\t<\/div>\n\t\t\t\t\t<\/div>\n\t\t<\/section>\n\t\t\t\t\t\t\t\t\t<\/div>\n\t\t\t<\/div>\n\t\t\t\t\t<\/div>\n\t\t","protected":false},"excerpt":{"rendered":"<p>wir werden es gemeinsam tun H\u00e4ndler &amp; Distributoren bleiben verbunden H\u00e4ndler weltweit verf\u00fcgbar Der Besitz eines Decken-America-H\u00e4ndlers stellt eine einzigartige Investitionsm\u00f6glichkeit dar. Ceiling America International Prospective Dealers haben die M\u00f6glichkeit, den h\u00f6chsten Gewinn in der Reinigungsindustrie zu erzielen, wenig Wettbewerb, die Exklusivit\u00e4t unserer propriet\u00e4ren gr\u00fcnen Produkte und Systeme, Schulungen in Ihrem Hauptsitz, technische und Vertriebsmarketing-Unterst\u00fctzung &hellip;<\/p>\n<p class=\"read-more\"> <a class=\"\" href=\"https:\/\/www.ceilingamericaintl.com\/de\/dealership-distributorship\/\"> <span class=\"screen-reader-text\">H\u00e4ndler &amp; H\u00e4ndler<\/span> Weiterlesen &raquo;<\/a><\/p>\n","protected":false},"author":1,"featured_media":0,"parent":0,"menu_order":0,"comment_status":"closed","ping_status":"closed","template":"","meta":{"inline_featured_image":false,"site-sidebar-layout":"no-sidebar","site-content-layout":"page-builder","ast-global-header-display":"","ast-main-header-display":"","ast-hfb-above-header-display":"","ast-hfb-below-header-display":"","ast-hfb-mobile-header-display":"","site-post-title":"disabled","ast-breadcrumbs-content":"","ast-featured-img":"disabled","footer-sml-layout":"","theme-transparent-header-meta":"default","adv-header-id-meta":"","stick-header-meta":"","header-above-stick-meta":"","header-main-stick-meta":"","header-below-stick-meta":""},"_links":{"self":[{"href":"https:\/\/www.ceilingamericaintl.com\/de\/wp-json\/wp\/v2\/pages\/1269"}],"collection":[{"href":"https:\/\/www.ceilingamericaintl.com\/de\/wp-json\/wp\/v2\/pages"}],"about":[{"href":"https:\/\/www.ceilingamericaintl.com\/de\/wp-json\/wp\/v2\/types\/page"}],"author":[{"embeddable":true,"href":"https:\/\/www.ceilingamericaintl.com\/de\/wp-json\/wp\/v2\/users\/1"}],"replies":[{"embeddable":true,"href":"https:\/\/www.ceilingamericaintl.com\/de\/wp-json\/wp\/v2\/comments?post=1269"}],"version-history":[{"count":6,"href":"https:\/\/www.ceilingamericaintl.com\/de\/wp-json\/wp\/v2\/pages\/1269\/revisions"}],"predecessor-version":[{"id":2255,"href":"https:\/\/www.ceilingamericaintl.com\/de\/wp-json\/wp\/v2\/pages\/1269\/revisions\/2255"}],"wp:attachment":[{"href":"https:\/\/www.ceilingamericaintl.com\/de\/wp-json\/wp\/v2\/media?parent=1269"}],"curies":[{"name":"wp","href":"https:\/\/api.w.org\/{rel}","templated":true}]}}